{"id":111,"date":"2016-09-30T10:20:18","date_gmt":"2016-09-30T08:20:18","guid":{"rendered":"http:\/\/hotelwp.thimpress.com\/hotelwp-2\/?page_id=111"},"modified":"2023-03-06T16:37:28","modified_gmt":"2023-03-06T15:37:28","slug":"startseite","status":"publish","type":"page","link":"https:\/\/www.ferienwohnung-egger.at\/en\/","title":{"rendered":"Home"},"content":{"rendered":"<section class=\"wpb-content-wrapper\"><p>[vc_row el_class=&#8221;home-2-position&#8221;][vc_column]\n\t\t\t<!-- START Home 2 REVOLUTION SLIDER 6.6.9 --><p class=\"rs-p-wp-fix\"><\/p>\n\t\t\t<rs-module-wrap id=\"rev_slider_1_1_wrapper\" data-source=\"gallery\" style=\"visibility:hidden;background:#FFFFFF;padding:0;margin:0px auto;margin-top:0;margin-bottom:0;background-image:url(https:\/\/hotelwp.thimpress.com\/demo-2\/wp-content\/uploads\/sites\/2\/revslider\/home-2\/hotel-wp-home-2.jpg);background-repeat:no-repeat;background-size:cover;background-position:center center;\">\n\t\t\t\t<rs-module id=\"rev_slider_1_1\" style=\"\" data-version=\"6.6.9\">\n\t\t\t\t\t<rs-slides style=\"overflow: hidden; position: absolute;\">\n\t\t\t\t\t\t<rs-slide style=\"position: absolute;\" data-key=\"rs-4\" data-title=\"Slide\" data-thumb=\"\/\/www.ferienwohnung-egger.at\/wp-content\/uploads\/2017\/09\/Winterwandern--e1504789229884-100x50.jpeg\" data-anim=\"adpr:false;\">\n\t\t\t\t\t\t\t<img src=\"\/\/www.ferienwohnung-egger.at\/wp-content\/plugins\/revslider\/public\/assets\/assets\/dummy.png\" alt=\"\" title=\"Home\" class=\"rev-slidebg tp-rs-img rs-lazyload\" data-lazyload=\"\/\/www.ferienwohnung-egger.at\/wp-content\/uploads\/2017\/09\/Winterwandern--e1504789229884.jpeg\" data-no-retina>\n<!---->\t\t\t\t\t\t<\/rs-slide>\n\t\t\t\t\t\t<rs-slide style=\"position: absolute;\" data-key=\"rs-5\" data-title=\"Slide\" data-thumb=\"\/\/www.ferienwohnung-egger.at\/wp-content\/uploads\/2017\/09\/Eine-willkommene-Abku\u0308hlung-e1504788214851-100x50.jpeg\" data-anim=\"adpr:false;\">\n\t\t\t\t\t\t\t<img src=\"\/\/www.ferienwohnung-egger.at\/wp-content\/plugins\/revslider\/public\/assets\/assets\/dummy.png\" alt=\"\" title=\"Home\" class=\"rev-slidebg tp-rs-img rs-lazyload\" data-lazyload=\"\/\/www.ferienwohnung-egger.at\/wp-content\/uploads\/2017\/09\/Eine-willkommene-Abku\u0308hlung-e1504788214851.jpeg\" data-no-retina>\n<!---->\t\t\t\t\t\t<\/rs-slide>\n\t\t\t\t\t\t<rs-slide style=\"position: absolute;\" data-key=\"rs-24\" data-title=\"Slide\" data-thumb=\"\/\/www.ferienwohnung-egger.at\/wp-content\/uploads\/2017\/09\/Funslope-Ahorn-e1504788321959-100x50.jpeg\" data-anim=\"adpr:false;\">\n\t\t\t\t\t\t\t<img src=\"\/\/www.ferienwohnung-egger.at\/wp-content\/plugins\/revslider\/public\/assets\/assets\/dummy.png\" alt=\"\" title=\"Home\" class=\"rev-slidebg tp-rs-img rs-lazyload\" data-lazyload=\"\/\/www.ferienwohnung-egger.at\/wp-content\/uploads\/2017\/09\/Funslope-Ahorn-e1504788321959.jpeg\" data-no-retina>\n<!---->\t\t\t\t\t\t<\/rs-slide>\n\t\t\t\t\t\t<rs-slide style=\"position: absolute;\" data-key=\"rs-6\" data-title=\"Slide\" data-thumb=\"\/\/www.ferienwohnung-egger.at\/wp-content\/uploads\/2017\/11\/eingang-4-100x50.jpg\" data-anim=\"adpr:false;\">\n\t\t\t\t\t\t\t<img src=\"\/\/www.ferienwohnung-egger.at\/wp-content\/plugins\/revslider\/public\/assets\/assets\/dummy.png\" alt=\"\" title=\"Home\" class=\"rev-slidebg tp-rs-img rs-lazyload\" data-lazyload=\"\/\/www.ferienwohnung-egger.at\/wp-content\/uploads\/2017\/11\/eingang-4.jpg\" data-no-retina>\n<!---->\t\t\t\t\t\t<\/rs-slide>\n\t\t\t\t\t\t<rs-slide style=\"position: absolute;\" data-key=\"rs-25\" data-title=\"Slide\" data-thumb=\"\/\/www.ferienwohnung-egger.at\/wp-content\/uploads\/2017\/11\/Fewo1-2-100x50.jpg\" data-anim=\"adpr:false;\">\n\t\t\t\t\t\t\t<img src=\"\/\/www.ferienwohnung-egger.at\/wp-content\/plugins\/revslider\/public\/assets\/assets\/dummy.png\" alt=\"\" title=\"Home\" class=\"rev-slidebg tp-rs-img rs-lazyload\" data-lazyload=\"\/\/www.ferienwohnung-egger.at\/wp-content\/uploads\/2017\/11\/Fewo1-2.jpg\" data-no-retina>\n<!---->\t\t\t\t\t\t<\/rs-slide>\n\t\t\t\t\t<\/rs-slides>\n\t\t\t\t<\/rs-module>\n\t\t\t\t<script>\n\t\t\t\t\tsetREVStartSize({c: 'rev_slider_1_1',rl:[1240,1024,778,480],el:[],gw:[1000,1000,778,480],gh:[500,500,500,400],type:'standard',justify:'',layout:'fullwidth',mh:\"0\"});if (window.RS_MODULES!==undefined && window.RS_MODULES.modules!==undefined && window.RS_MODULES.modules[\"revslider11\"]!==undefined) {window.RS_MODULES.modules[\"revslider11\"].once = false;window.revapi1 = undefined;if (window.RS_MODULES.checkMinimal!==undefined) window.RS_MODULES.checkMinimal()}\n\t\t\t\t<\/script>\n\t\t\t<\/rs-module-wrap>\n\t\t\t<!-- END REVOLUTION SLIDER -->\n[\/vc_column][\/vc_row][vc_row][vc_column][vc_empty_space height=&#8221;95px&#8221;]<div class=\"thim-widget-heading template-default\"><div class=\"thim-sc-heading\" >\n\t\t<div class=\"article_heading \">\n\t\t\t<h2  class=\"heading_secondary\">Ein herzliches Gr\u00fc\u00df Gott in unseren Ferienwohnungen Egger im sch\u00f6nen Zillertal!<\/h2>\n\t\t\t\n\t\t\t\n\t\t\t\n\t\t<\/div>\n\t<\/div><\/div>[vc_empty_space height=&#8221;20px&#8221;][\/vc_column][\/vc_row][vc_row][vc_column width=&#8221;1\/2&#8243;][vc_column_text css=&#8221;.vc_custom_1510654339423{padding-right: 55px !important;}&#8221; el_class=&#8221;line-height-normal&#8221;]Die<strong> Ferienwohnungen Egger in F\u00fcgen im Zillertal<\/strong> liegen direkt an der Talstation der <a href=\"https:\/\/www.spieljochbahn.at\">Spieljochbahn <\/a>und sind so f\u00fcr Gruppen bis zu sechs Personen und Familien <strong>der ideale Ausgangspunkt f\u00fcr unvergessliche Ausfl\u00fcge<\/strong>.<\/p>\n<p>In nur 10 Gehminuten erreichen Sie das Zentrum von F\u00fcgen mit Restaurants, Minigolfanlage und Tennisplatz. Durch die hervorragende Lage an der neuen Talstation der Spieljochbahn starten Sie in das f\u00fcr Familien bestens geeignete Skigebiet direkt von der Haust\u00fcre aus. Der <strong>kostenlose Skibus<\/strong>, dessen Haltestelle genau gegen\u00fcber liegt, bringt Sie in das mehrfach ausgezeichnete Skigebiet <strong>Hochzillertal-Hochf\u00fcgen<\/strong>. Und nach einem langen Skitag k\u00f6nnen Sie Ihre Skiausr\u00fcstung in unserem <strong>beheizten Skikeller<\/strong> verstauen.[\/vc_column_text][\/vc_column][vc_column width=&#8221;1\/2&#8243;][vc_column_text css=&#8221;.vc_custom_1504791881330{padding-right: 55px !important;}&#8221; el_class=&#8221;line-height-normal&#8221;]Gerne besuchen unsere G\u00e4ste mit Familie nach einem anstrengenden Tag beim Wandern den nur zwei Gehminuten entfernten Kohlerhof, auf dem Sie dann \u00e0 la carte im Gasthof oder in der Pizzeria zu Abendessen essen, oder nach einem Tag beim Skifahren zum Apr\u00e9s-Ski einkehren.<\/p>\n<p>Nat\u00fcrlich kann im ganzen Haus das <strong>WLAN<\/strong> von unseren G\u00e4sten <strong>kostenlos<\/strong> gen\u00fctzt werden.<\/p>\n<p><strong><em>Ihre Familie Egger freut sich, Sie in den Ferienwohnungen Egger in F\u00fcgen im Zillertal begr\u00fc\u00dfen zu d\u00fcrfen!<\/em><\/strong>[\/vc_column_text][\/vc_column][\/vc_row][vc_row][vc_column][vc_empty_space height=&#8221;60px&#8221;][\/vc_column][\/vc_row][vc_row][vc_column][vc_empty_space height=&#8221;95px&#8221;]<div class=\"thim-widget-heading template-default\"><div class=\"thim-sc-heading\" >\n\t\t<div class=\"article_heading \">\n\t\t\t<h2  class=\"heading_secondary\">Wirf einen Blick in unsere Ferienwohnungen<\/h2>\n\t\t\t\n\t\t\t\n\t\t\t\n\t\t<\/div>\n\t<\/div><\/div>[vc_gallery type=&#8221;image_grid&#8221; images=&#8221;3849,3858,3840,3841&#8243; img_size=&#8221;280&#215;280&#8243; onclick=&#8221;custom_link&#8221;][\/vc_column][\/vc_row]<\/p>\n<\/section>","protected":false},"excerpt":{"rendered":"<p>[vc_row el_class=&#8221;home-2-position&#8221;][vc_column][\/vc_column][\/vc_row][vc_row][vc_column][vc_empty_space height=&#8221;95px&#8221;][vc_empty_space height=&#8221;20px&#8221;][\/vc_column][\/vc_row][vc_row][vc_column width=&#8221;1\/2&#8243;][vc_column_text css=&#8221;.vc_custom_1510654339423{padding-right: 55px !important;}&#8221; el_class=&#8221;line-height-normal&#8221;]Die Ferienwohnungen Egger in F\u00fcgen im Zillertal liegen direkt an der Talstation der Spieljochbahn und sind so f\u00fcr Gruppen bis zu sechs Personen und Familien der ideale Ausgangspunkt f\u00fcr unvergessliche Ausfl\u00fcge. In nur 10 Gehminuten erreichen Sie das Zentrum von F\u00fcgen mit&#8230;<\/p>\n","protected":false},"author":1,"featured_media":0,"parent":0,"menu_order":0,"comment_status":"closed","ping_status":"closed","template":"templates\/home-page.php","meta":[],"translation":{"provider":"WPGlobus","version":"2.10.10","language":"en","enabled_languages":["de","en"],"languages":{"de":{"title":true,"content":true,"excerpt":false},"en":{"title":true,"content":false,"excerpt":false}}},"_links":{"self":[{"href":"https:\/\/www.ferienwohnung-egger.at\/en\/wp-json\/wp\/v2\/pages\/111"}],"collection":[{"href":"https:\/\/www.ferienwohnung-egger.at\/en\/wp-json\/wp\/v2\/pages"}],"about":[{"href":"https:\/\/www.ferienwohnung-egger.at\/en\/wp-json\/wp\/v2\/types\/page"}],"author":[{"embeddable":true,"href":"https:\/\/www.ferienwohnung-egger.at\/en\/wp-json\/wp\/v2\/users\/1"}],"replies":[{"embeddable":true,"href":"https:\/\/www.ferienwohnung-egger.at\/en\/wp-json\/wp\/v2\/comments?post=111"}],"version-history":[{"count":48,"href":"https:\/\/www.ferienwohnung-egger.at\/en\/wp-json\/wp\/v2\/pages\/111\/revisions"}],"predecessor-version":[{"id":4104,"href":"https:\/\/www.ferienwohnung-egger.at\/en\/wp-json\/wp\/v2\/pages\/111\/revisions\/4104"}],"wp:attachment":[{"href":"https:\/\/www.ferienwohnung-egger.at\/en\/wp-json\/wp\/v2\/media?parent=111"}],"curies":[{"name":"wp","href":"https:\/\/api.w.org\/{rel}","templated":true}]}}