{"id":3878,"date":"2017-11-14T10:20:13","date_gmt":"2017-11-14T09:20:13","guid":{"rendered":"https:\/\/www.ferienwohnung-egger.at\/?page_id=3878"},"modified":"2023-03-06T16:46:53","modified_gmt":"2023-03-06T15:46:53","slug":"impressum","status":"publish","type":"page","link":"https:\/\/www.ferienwohnung-egger.at\/en\/impressum\/","title":{"rendered":"Impressum"},"content":{"rendered":"<section class=\"wpb-content-wrapper\"><p>[vc_row][vc_column]\n\t\t\t<!-- START Home 2 REVOLUTION SLIDER 6.6.9 --><p class=\"rs-p-wp-fix\"><\/p>\n\t\t\t<rs-module-wrap id=\"rev_slider_1_1_wrapper\" data-source=\"gallery\" style=\"visibility:hidden;background:#FFFFFF;padding:0;margin:0px auto;margin-top:0;margin-bottom:0;background-image:url(https:\/\/hotelwp.thimpress.com\/demo-2\/wp-content\/uploads\/sites\/2\/revslider\/home-2\/hotel-wp-home-2.jpg);background-repeat:no-repeat;background-size:cover;background-position:center center;\">\n\t\t\t\t<rs-module id=\"rev_slider_1_1\" style=\"\" data-version=\"6.6.9\">\n\t\t\t\t\t<rs-slides style=\"overflow: hidden; position: absolute;\">\n\t\t\t\t\t\t<rs-slide style=\"position: absolute;\" data-key=\"rs-4\" data-title=\"Slide\" data-thumb=\"\/\/www.ferienwohnung-egger.at\/wp-content\/uploads\/2017\/09\/Winterwandern--e1504789229884-100x50.jpeg\" data-anim=\"adpr:false;\">\n\t\t\t\t\t\t\t<img src=\"\/\/www.ferienwohnung-egger.at\/wp-content\/plugins\/revslider\/public\/assets\/assets\/dummy.png\" alt=\"\" title=\"Impressum\" class=\"rev-slidebg tp-rs-img rs-lazyload\" data-lazyload=\"\/\/www.ferienwohnung-egger.at\/wp-content\/uploads\/2017\/09\/Winterwandern--e1504789229884.jpeg\" data-no-retina>\n<!---->\t\t\t\t\t\t<\/rs-slide>\n\t\t\t\t\t\t<rs-slide style=\"position: absolute;\" data-key=\"rs-5\" data-title=\"Slide\" data-thumb=\"\/\/www.ferienwohnung-egger.at\/wp-content\/uploads\/2017\/09\/Eine-willkommene-Abku\u0308hlung-e1504788214851-100x50.jpeg\" data-anim=\"adpr:false;\">\n\t\t\t\t\t\t\t<img src=\"\/\/www.ferienwohnung-egger.at\/wp-content\/plugins\/revslider\/public\/assets\/assets\/dummy.png\" alt=\"\" title=\"Impressum\" class=\"rev-slidebg tp-rs-img rs-lazyload\" data-lazyload=\"\/\/www.ferienwohnung-egger.at\/wp-content\/uploads\/2017\/09\/Eine-willkommene-Abku\u0308hlung-e1504788214851.jpeg\" data-no-retina>\n<!---->\t\t\t\t\t\t<\/rs-slide>\n\t\t\t\t\t\t<rs-slide style=\"position: absolute;\" data-key=\"rs-24\" data-title=\"Slide\" data-thumb=\"\/\/www.ferienwohnung-egger.at\/wp-content\/uploads\/2017\/09\/Funslope-Ahorn-e1504788321959-100x50.jpeg\" data-anim=\"adpr:false;\">\n\t\t\t\t\t\t\t<img src=\"\/\/www.ferienwohnung-egger.at\/wp-content\/plugins\/revslider\/public\/assets\/assets\/dummy.png\" alt=\"\" title=\"Impressum\" class=\"rev-slidebg tp-rs-img rs-lazyload\" data-lazyload=\"\/\/www.ferienwohnung-egger.at\/wp-content\/uploads\/2017\/09\/Funslope-Ahorn-e1504788321959.jpeg\" data-no-retina>\n<!---->\t\t\t\t\t\t<\/rs-slide>\n\t\t\t\t\t\t<rs-slide style=\"position: absolute;\" data-key=\"rs-6\" data-title=\"Slide\" data-thumb=\"\/\/www.ferienwohnung-egger.at\/wp-content\/uploads\/2017\/11\/eingang-4-100x50.jpg\" data-anim=\"adpr:false;\">\n\t\t\t\t\t\t\t<img src=\"\/\/www.ferienwohnung-egger.at\/wp-content\/plugins\/revslider\/public\/assets\/assets\/dummy.png\" alt=\"\" title=\"Impressum\" class=\"rev-slidebg tp-rs-img rs-lazyload\" data-lazyload=\"\/\/www.ferienwohnung-egger.at\/wp-content\/uploads\/2017\/11\/eingang-4.jpg\" data-no-retina>\n<!---->\t\t\t\t\t\t<\/rs-slide>\n\t\t\t\t\t\t<rs-slide style=\"position: absolute;\" data-key=\"rs-25\" data-title=\"Slide\" data-thumb=\"\/\/www.ferienwohnung-egger.at\/wp-content\/uploads\/2017\/11\/Fewo1-2-100x50.jpg\" data-anim=\"adpr:false;\">\n\t\t\t\t\t\t\t<img src=\"\/\/www.ferienwohnung-egger.at\/wp-content\/plugins\/revslider\/public\/assets\/assets\/dummy.png\" alt=\"\" title=\"Impressum\" class=\"rev-slidebg tp-rs-img rs-lazyload\" data-lazyload=\"\/\/www.ferienwohnung-egger.at\/wp-content\/uploads\/2017\/11\/Fewo1-2.jpg\" data-no-retina>\n<!---->\t\t\t\t\t\t<\/rs-slide>\n\t\t\t\t\t<\/rs-slides>\n\t\t\t\t<\/rs-module>\n\t\t\t\t<script>\n\t\t\t\t\tsetREVStartSize({c: 'rev_slider_1_1',rl:[1240,1024,778,480],el:[],gw:[1000,1000,778,480],gh:[500,500,500,400],type:'standard',justify:'',layout:'fullwidth',mh:\"0\"});if (window.RS_MODULES!==undefined && window.RS_MODULES.modules!==undefined && window.RS_MODULES.modules[\"revslider11\"]!==undefined) {window.RS_MODULES.modules[\"revslider11\"].once = false;window.revapi1 = undefined;if (window.RS_MODULES.checkMinimal!==undefined) window.RS_MODULES.checkMinimal()}\n\t\t\t\t<\/script>\n\t\t\t<\/rs-module-wrap>\n\t\t\t<!-- END REVOLUTION SLIDER -->\n[\/vc_column][\/vc_row][vc_row][vc_column][vc_empty_space height=&#8221;95px&#8221;]<div class=\"thim-widget-heading template-default\"><div class=\"thim-sc-heading\" >\n\t\t<div class=\"article_heading \">\n\t\t\t<h2  class=\"heading_secondary\">Imprint<\/h2>\n\t\t\t\n\t\t\t\n\t\t\t\n\t\t<\/div>\n\t<\/div><\/div>[vc_empty_space height=&#8221;20px&#8221;][\/vc_column][\/vc_row][vc_row][vc_column width=&#8221;1\/2&#8243;][vc_column_text]<b>Responsible for content<\/b><\/p>\n<p>Ferienwohnung Egger<\/p>\n<p class=\"info\"><a href=\"tel: +43\/5288\/63346\">+43\/5288\/63346-9<\/a><\/p>\n<p class=\"info\"><i class=\"fa fa-envelope\"><\/i><a href=\"mailto:info@ferienwohnung-egger.at\">info@ferienwohnung-egger.at<\/a><\/p>\n<p class=\"info\"><i class=\"fa fa-map-marker\"><\/i>Pankrazbergstra\u00dfe 54, 6263 F\u00fcgen<\/p>\n<p>[\/vc_column_text][\/vc_column][vc_column width=&#8221;1\/2&#8243;][vc_column_text css=&#8221;.vc_custom_1511194846380{padding-right: 55px !important;}&#8221; el_class=&#8221;line-height-normal&#8221;]<strong>Concept, Design &amp; Technic<\/strong><\/p>\n<p><strong>NET<\/strong>gemacht.at<\/p>\n<p class=\"info\"><a href=\"tel: +43\/5288\/63346\">+43\/676\/9436825<\/a><\/p>\n<p class=\"info\"><i class=\"fa fa-envelope\"><\/i><a href=\"mailto:hallo@netgemacht.at\">hallo@netgemacht.at<\/a><\/p>\n<p class=\"info\"><i class=\"fa fa-map-marker\"><\/i>Hochf\u00fcgener Stra\u00dfe 7, 6263 F\u00fcgen<\/p>\n<p>[\/vc_column_text][\/vc_column][\/vc_row][vc_row][vc_column][vc_empty_space height=&#8221;60px&#8221;][\/vc_column][\/vc_row][vc_row][vc_column][vc_column_text]<strong>Images:<\/strong> zillertal.at, filmingpool.at<\/p>\n<p><strong>Google-Analytics \u2013\u00a0<\/strong><\/p>\n<p>This website uses Google Analytics, a web analytics service provided by Google, Inc. (&#8220;Google&#8221;). Google Analytics uses &#8220;cookies&#8221;, which are text files placed on your computer to help the website analyse how visitors use the site. The information generated by the cookie about your use of the website (including your IP address) will be transmitted to and stored by Google on servers in the United States . Google will use this information for the purpose of evaluating your use of the website, compiling reports on website activity for website operators and providing other services relating to website activity and internet usage. Google may also transfer this information to third parties where required to do so by law, or where such third parties process the information on Google&#8217;s behalf. Google will not associate your IP address with any other data held by Google. You may refuse the use of cookies by selecting the appropriate settings on your browser, however please note that if you do this you may not be able to use the full functionality of this website. By using this website, you consent to the processing of data about you by Google in the manner and for the purposes set out above.<\/p>\n<p>You can prevent Google\u2019s collection and use of data (cookies and IP address) by downloading and installing the browser plug-in available under httpss:\/\/tools.google.com\/dlpage\/gaoptout?hl=en.<\/p>\n<p>Please note that this website initializes Google Analytics with the setting<\/p>\n<p>anonymizeIp<br \/>\nThis guarantees anonymized data collection by masking the last part of your IP address.<br \/>\nFurther information concerning the terms and conditions of use and data privacy can be found at https:\/\/www.google.com\/analytics\/terms\/gb.html or at https:\/\/www.google.com\/intl\/en_uk\/analytics\/privacyoverview.html[\/vc_column_text][\/vc_column][\/vc_row][vc_row][vc_column][\/vc_column][\/vc_row]<\/p>\n<\/section>","protected":false},"excerpt":{"rendered":"<p>[vc_row][vc_column][\/vc_column][\/vc_row][vc_row][vc_column][vc_empty_space height=&#8221;95px&#8221;][vc_empty_space height=&#8221;20px&#8221;][\/vc_column][\/vc_row][vc_row][vc_column width=&#8221;1\/2&#8243;][vc_column_text]Responsible for content Ferienwohnung Egger +43\/5288\/63346-9 info@ferienwohnung-egger.at Pankrazbergstra\u00dfe 54, 6263 F\u00fcgen [\/vc_column_text][\/vc_column][vc_column width=&#8221;1\/2&#8243;][vc_column_text css=&#8221;.vc_custom_1511194846380{padding-right: 55px !important;}&#8221; el_class=&#8221;line-height-normal&#8221;]Concept, Design &amp; Technic NETgemacht.at +43\/676\/9436825 hallo@netgemacht.at Hochf\u00fcgener Stra\u00dfe 7, 6263 F\u00fcgen [\/vc_column_text][\/vc_column][\/vc_row][vc_row][vc_column][vc_empty_space height=&#8221;60px&#8221;][\/vc_column][\/vc_row][vc_row][vc_column][vc_column_text]Images: zillertal.at, filmingpool.at Google-Analytics \u2013\u00a0 This website uses Google Analytics, a web analytics service provided by Google, Inc&#8230;.<\/p>\n","protected":false},"author":1,"featured_media":0,"parent":0,"menu_order":0,"comment_status":"closed","ping_status":"closed","template":"templates\/home-page.php","meta":[],"translation":{"provider":"WPGlobus","version":"2.10.10","language":"en","enabled_languages":["de","en"],"languages":{"de":{"title":true,"content":true,"excerpt":false},"en":{"title":false,"content":true,"excerpt":false}}},"_links":{"self":[{"href":"https:\/\/www.ferienwohnung-egger.at\/en\/wp-json\/wp\/v2\/pages\/3878"}],"collection":[{"href":"https:\/\/www.ferienwohnung-egger.at\/en\/wp-json\/wp\/v2\/pages"}],"about":[{"href":"https:\/\/www.ferienwohnung-egger.at\/en\/wp-json\/wp\/v2\/types\/page"}],"author":[{"embeddable":true,"href":"https:\/\/www.ferienwohnung-egger.at\/en\/wp-json\/wp\/v2\/users\/1"}],"replies":[{"embeddable":true,"href":"https:\/\/www.ferienwohnung-egger.at\/en\/wp-json\/wp\/v2\/comments?post=3878"}],"version-history":[{"count":17,"href":"https:\/\/www.ferienwohnung-egger.at\/en\/wp-json\/wp\/v2\/pages\/3878\/revisions"}],"predecessor-version":[{"id":4139,"href":"https:\/\/www.ferienwohnung-egger.at\/en\/wp-json\/wp\/v2\/pages\/3878\/revisions\/4139"}],"wp:attachment":[{"href":"https:\/\/www.ferienwohnung-egger.at\/en\/wp-json\/wp\/v2\/media?parent=3878"}],"curies":[{"name":"wp","href":"https:\/\/api.w.org\/{rel}","templated":true}]}}